{"id":80,"date":"2025-08-21T10:13:42","date_gmt":"2025-08-21T10:13:42","guid":{"rendered":"https:\/\/jasentohtori.fi\/?page_id=80"},"modified":"2025-08-21T10:29:14","modified_gmt":"2025-08-21T10:29:14","slug":"terapia-manual-tradicional-nordica","status":"publish","type":"page","link":"https:\/\/jasentohtori.fi\/?page_id=80","title":{"rendered":"Terapia manual tradicional n\u00f3rdica"},"content":{"rendered":"\n<div class=\"wp-block-group alignfull has-base-2-background-color has-background has-global-padding is-layout-constrained wp-container-core-group-is-layout-669513ed wp-block-group-is-layout-constrained\" style=\"margin-top:0;margin-bottom:0;padding-top:var(--wp--preset--spacing--50);padding-right:var(--wp--preset--spacing--50);padding-bottom:var(--wp--preset--spacing--50);padding-left:var(--wp--preset--spacing--50)\">\n<div class=\"wp-block-group is-vertical is-content-justification-center is-layout-flex wp-container-core-group-is-layout-52b864f0 wp-block-group-is-layout-flex\">\n<h2 class=\"wp-block-heading has-text-align-center is-style-asterisk\">M\u00e9todo &#8220;Kalevala&#8221; de alineaci\u00f3n corporal tradicional finland\u00e9s<\/h2>\n\n\n\n<div style=\"height:0px\" aria-hidden=\"true\" class=\"wp-block-spacer wp-container-content-4f2ccadb\"><\/div>\n\n\n\n<p class=\"has-text-align-left\">Ofrezco <strong>terapia manual tradicional n\u00f3rdica<\/strong> y t\u00e9cnicas de ajuste corporal en Fuengirola, especialmente en las zonas de Los Pacos y Los Boliches. Ayudo a aliviar tus molestias y a mejorar el bienestar general de tu cuerpo. Con mucho gusto puedo visitarte en tu domicilio para una sesi\u00f3n de tratamiento. Actualmente estoy realizando estudios avanzados en la terapia &#8220;Kalevala&#8221;, por lo que puedo ofrecer mis servicios a un precio accesible.<\/p>\n<\/div>\n\n\n\n<div style=\"margin-top:0;margin-bottom:0;height:var(--wp--preset--spacing--40)\" aria-hidden=\"true\" class=\"wp-block-spacer\"><\/div>\n\n\n\n<div class=\"wp-block-columns alignwide is-layout-flex wp-container-core-columns-is-layout-d0bbbce0 wp-block-columns-is-layout-flex\">\n<div class=\"wp-block-column is-layout-flow wp-container-core-column-is-layout-e3d1c41b wp-block-column-is-layout-flow\">\n<h3 class=\"wp-block-heading has-text-align-left is-style-asterisk has-body-font-family has-medium-font-size\" style=\"font-style:normal;font-weight:600\">Aficionada a los perros, 54 a\u00f1os<\/h3>\n\n\n\n<p class=\"has-text-align-left\"><em>Ya estaba preocupada porque me dol\u00eda todo el brazo, y el fisioterapeuta me hab\u00eda recomendado reposo total. Adem\u00e1s, ten\u00eda que tomar dos analg\u00e9sicos para los s\u00edntomas. Sin embargo, con la ayuda de Mikko el problema del brazo desapareci\u00f3 ya en la primera sesi\u00f3n, y al d\u00eda siguiente pude dejar los analg\u00e9sicos. \u00a1Lo recomiendo!<\/em><\/p>\n<\/div>\n\n\n\n<div class=\"wp-block-column is-layout-flow wp-container-core-column-is-layout-e3d1c41b wp-block-column-is-layout-flow\">\n<h3 class=\"wp-block-heading has-text-align-left is-style-asterisk has-body-font-family has-medium-font-size\" style=\"font-style:normal;font-weight:600\">Funcionario, 55 a\u00f1os<\/h3>\n\n\n\n<p class=\"has-text-align-left\"><em>Mikko ha venido a nuestra casa dos veces para realizar el tratamiento. En cada sesi\u00f3n ha trabajado a fondo todo el cuerpo. Antes de la primera vez sufr\u00eda de un hombro congelado, y los resultados llegaron ya despu\u00e9s de esa primera sesi\u00f3n: \u00a1la movilidad volvi\u00f3!<\/em><\/p>\n\n\n\n<p class=\"has-text-align-left\"><em>Tambi\u00e9n los dolores lumbares han desaparecido de manera sorprendente con el tratamiento. Y es comod\u00edsimo que Mikko venga a casa con la camilla. \u00a1Una c\u00e1lida recomendaci\u00f3n!<\/em><\/p>\n<\/div>\n\n\n\n<div class=\"wp-block-column is-layout-flow wp-container-core-column-is-layout-e3d1c41b wp-block-column-is-layout-flow\">\n<h3 class=\"wp-block-heading has-text-align-left is-style-asterisk has-body-font-family has-medium-font-size\" style=\"font-style:normal;font-weight:600\">Joven, 13 a\u00f1os<\/h3>\n\n\n\n<p class=\"has-text-align-left\"><em>Los dolores en las piernas desaparecieron con una sola sesi\u00f3n.<\/em><\/p>\n<\/div>\n<\/div>\n\n\n\n<div style=\"height:var(--wp--preset--spacing--20)\" aria-hidden=\"true\" class=\"wp-block-spacer\"><\/div>\n\n\n\n<div class=\"wp-block-columns alignwide is-layout-flex wp-container-core-columns-is-layout-d0bbbce0 wp-block-columns-is-layout-flex\">\n<div class=\"wp-block-column is-layout-flow wp-container-core-column-is-layout-e3d1c41b wp-block-column-is-layout-flow\">\n<h3 class=\"wp-block-heading has-text-align-left is-style-asterisk has-body-font-family has-medium-font-size\" style=\"font-style:normal;font-weight:600\">Gerente de ventas, 42 a\u00f1o<\/h3>\n\n\n\n<p class=\"has-text-align-left\"><em>Me siento muy \u00e1gil. El dolor en la cara se ha ido. \u00a1Y esta ma\u00f1ana no tuve ninguna rigidez en las plantas de los pies! \u00a1Incre\u00edble! Adem\u00e1s, siempre me sorprende lo profundamente que duermo despu\u00e9s de este tratamiento, como si estuviera sedado.<\/em><\/p>\n<\/div>\n\n\n\n<div class=\"wp-block-column is-layout-flow wp-container-core-column-is-layout-e3d1c41b wp-block-column-is-layout-flow\">\n<h3 class=\"wp-block-heading has-text-align-left is-style-asterisk has-body-font-family has-medium-font-size\" style=\"font-style:normal;font-weight:600\">Dise\u00f1ador gr\u00e1fico y aficionado a la jardiner\u00eda, 51 a\u00f1os<\/h3>\n\n\n\n<p class=\"has-text-align-left\"><em>Voy al terapeuta de articulaciones cada dos meses aproximadamente; me ayuda a mantener el cuerpo en buen estado. Incluso el hombro que se me lesion\u00f3 en un accidente de bicicleta se ha ido recuperando poco a poco.<\/em><\/p>\n<\/div>\n\n\n\n<div class=\"wp-block-column is-layout-flow wp-container-core-column-is-layout-e3d1c41b wp-block-column-is-layout-flow\">\n<h3 class=\"wp-block-heading has-text-align-left is-style-asterisk has-body-font-family has-medium-font-size\" style=\"font-style:normal;font-weight:600\"><\/h3>\n<\/div>\n<\/div>\n<\/div>\n\n\n\n<div class=\"wp-block-group alignfull has-global-padding is-layout-constrained wp-container-core-group-is-layout-d89aad35 wp-block-group-is-layout-constrained\" style=\"margin-top:0;margin-bottom:0;padding-top:var(--wp--preset--spacing--50);padding-right:var(--wp--preset--spacing--50);padding-bottom:var(--wp--preset--spacing--50);padding-left:var(--wp--preset--spacing--50)\">\n<div class=\"wp-block-group alignwide has-global-padding is-layout-constrained wp-container-core-group-is-layout-19e250f3 wp-block-group-is-layout-constrained\">\n<div class=\"wp-block-columns alignwide is-layout-flex wp-container-core-columns-is-layout-d1c656ed wp-block-columns-is-layout-flex\">\n<div class=\"wp-block-column is-vertically-aligned-center is-layout-flow wp-block-column-is-layout-flow\" style=\"flex-basis:40%\">\n<h3 class=\"wp-block-heading is-style-asterisk\">\u00a1Cont\u00e1ctame y con gusto ir\u00e9 a tu domicilio!<\/h3>\n\n\n\n<ul style=\"line-height:1.75\" class=\"wp-block-list is-style-checkmark-list\">\n<li>Mikko \/ &#8220;Dr. Cuerpo&#8221;<\/li>\n\n\n\n<li>Los pacos y Los Bolliches<\/li>\n\n\n\n<li>WA +358 400 297 820<\/li>\n<\/ul>\n<\/div>\n<\/div>\n<\/div>\n<\/div>\n","protected":false},"excerpt":{"rendered":"<p>M\u00e9todo &#8220;Kalevala&#8221; de alineaci\u00f3n corporal tradicional finland\u00e9s Ofrezco terapia manual tradicional n\u00f3rdica y t\u00e9cnicas de ajuste corporal en Fuengirola, especialmente en las zonas de Los Pacos y Los Boliches. Ayudo a aliviar tus molestias y a mejorar el bienestar general de tu cuerpo. Con mucho gusto puedo visitarte en tu domicilio para una sesi\u00f3n de [&hellip;]<\/p>\n","protected":false},"author":1,"featured_media":0,"parent":0,"menu_order":0,"comment_status":"closed","ping_status":"closed","template":"","meta":{"footnotes":""},"class_list":["post-80","page","type-page","status-publish","hentry"],"_links":{"self":[{"href":"https:\/\/jasentohtori.fi\/index.php?rest_route=\/wp\/v2\/pages\/80","targetHints":{"allow":["GET"]}}],"collection":[{"href":"https:\/\/jasentohtori.fi\/index.php?rest_route=\/wp\/v2\/pages"}],"about":[{"href":"https:\/\/jasentohtori.fi\/index.php?rest_route=\/wp\/v2\/types\/page"}],"author":[{"embeddable":true,"href":"https:\/\/jasentohtori.fi\/index.php?rest_route=\/wp\/v2\/users\/1"}],"replies":[{"embeddable":true,"href":"https:\/\/jasentohtori.fi\/index.php?rest_route=%2Fwp%2Fv2%2Fcomments&post=80"}],"version-history":[{"count":5,"href":"https:\/\/jasentohtori.fi\/index.php?rest_route=\/wp\/v2\/pages\/80\/revisions"}],"predecessor-version":[{"id":89,"href":"https:\/\/jasentohtori.fi\/index.php?rest_route=\/wp\/v2\/pages\/80\/revisions\/89"}],"wp:attachment":[{"href":"https:\/\/jasentohtori.fi\/index.php?rest_route=%2Fwp%2Fv2%2Fmedia&parent=80"}],"curies":[{"name":"wp","href":"https:\/\/api.w.org\/{rel}","templated":true}]}}