{"id":9,"date":"2025-08-15T07:40:24","date_gmt":"2025-08-15T07:40:24","guid":{"rendered":"https:\/\/jasentohtori.fi\/?page_id=9"},"modified":"2025-08-26T13:50:10","modified_gmt":"2025-08-26T13:50:10","slug":"jasentohtori-korjaa-sinut","status":"publish","type":"page","link":"https:\/\/jasentohtori.fi\/","title":{"rendered":"J\u00e4sentohtori"},"content":{"rendered":"\n<p class=\"has-text-align-center\">Kalevalaista j\u00e4senkorjausta Fuengirolassa<\/p>\n\n\n\n<figure class=\"wp-block-image size-large\"><img loading=\"lazy\" decoding=\"async\" width=\"1024\" height=\"768\" src=\"https:\/\/jasentohtori.fi\/wp-content\/uploads\/2025\/08\/20250825_160812-1024x768.jpg\" alt=\"\" class=\"wp-image-90\" srcset=\"https:\/\/jasentohtori.fi\/wp-content\/uploads\/2025\/08\/20250825_160812-1024x768.jpg 1024w, https:\/\/jasentohtori.fi\/wp-content\/uploads\/2025\/08\/20250825_160812-300x225.jpg 300w, https:\/\/jasentohtori.fi\/wp-content\/uploads\/2025\/08\/20250825_160812-768x576.jpg 768w, https:\/\/jasentohtori.fi\/wp-content\/uploads\/2025\/08\/20250825_160812-1536x1152.jpg 1536w, https:\/\/jasentohtori.fi\/wp-content\/uploads\/2025\/08\/20250825_160812.jpg 2000w\" sizes=\"auto, (max-width: 1024px) 100vw, 1024px\" \/><\/figure>\n\n\n\n<p><\/p>\n\n\n\n<div class=\"wp-block-group alignfull has-accent-background-color has-background has-global-padding is-layout-constrained wp-container-core-group-is-layout-669513ed wp-block-group-is-layout-constrained\" style=\"margin-top:0;margin-bottom:0;padding-top:var(--wp--preset--spacing--50);padding-right:var(--wp--preset--spacing--50);padding-bottom:var(--wp--preset--spacing--50);padding-left:var(--wp--preset--spacing--50)\">\n<div class=\"wp-block-columns alignwide is-layout-flex wp-container-core-columns-is-layout-1da03c2a wp-block-columns-is-layout-flex\">\n<div class=\"wp-block-column is-vertically-aligned-stretch is-layout-flow wp-block-column-is-layout-flow\" style=\"flex-basis:50%\">\n<div class=\"wp-block-group is-vertical is-content-justification-stretch is-layout-flex wp-container-core-group-is-layout-444d5ee8 wp-block-group-is-layout-flex\" style=\"min-height:100%\">\n<p class=\"has-heading-font-family has-large-font-size\" style=\"line-height:1.2\">Olen Mikko, `<strong>J\u00e4sentohtori<\/strong>\u00b4, ja teen kalevalaista j\u00e4senkorjausta Fuengirolassa Los Pacosin ja Los Bolichesin alueella. Parannan vaivasi ja tuen kehosi hyvinvointia. Tulen mielell\u00e4ni kotiisi hoitok\u00e4ynnille. Minulla on j\u00e4senkorjauksen jatko-opinnot k\u00e4ynniss\u00e4 ja tarjoan palveluitani edullisesti. 100% kaikki asiakkaani ovat saaneet jotakin apua kehon hyvinvointiin, joten voit luottaa palveluuni!<\/p>\n\n\n\n<div class=\"wp-block-group has-global-padding is-content-justification-left is-layout-constrained wp-container-core-group-is-layout-9fe8ed88 wp-block-group-is-layout-constrained\">\n<p class=\"wp-container-content-0733e5d0\">Soita, tekstaa tai laita Whatsapp-viesti, niin varataan aika!<\/p>\n\n\n\n<p><strong>+358 400 297 820<\/strong><\/p>\n\n\n\n<div class=\"wp-block-buttons is-layout-flex wp-block-buttons-is-layout-flex\"><\/div>\n<\/div>\n<\/div>\n<\/div>\n\n\n\n<div class=\"wp-block-column is-vertically-aligned-center is-layout-flow wp-block-column-is-layout-flow\" style=\"flex-basis:50%\">\n<figure class=\"wp-block-image size-large is-style-rounded is-style-rounded--1\"><img loading=\"lazy\" decoding=\"async\" width=\"768\" height=\"1024\" src=\"https:\/\/jasentohtori.fi\/wp-content\/uploads\/2025\/08\/20250806_164825-768x1024.jpg\" alt=\"\" class=\"wp-image-12\" style=\"aspect-ratio:3\/4;object-fit:cover\" srcset=\"https:\/\/jasentohtori.fi\/wp-content\/uploads\/2025\/08\/20250806_164825-768x1024.jpg 768w, https:\/\/jasentohtori.fi\/wp-content\/uploads\/2025\/08\/20250806_164825-225x300.jpg 225w, https:\/\/jasentohtori.fi\/wp-content\/uploads\/2025\/08\/20250806_164825-1152x1536.jpg 1152w, https:\/\/jasentohtori.fi\/wp-content\/uploads\/2025\/08\/20250806_164825-1536x2048.jpg 1536w, https:\/\/jasentohtori.fi\/wp-content\/uploads\/2025\/08\/20250806_164825-scaled.jpg 1920w\" sizes=\"auto, (max-width: 768px) 100vw, 768px\" \/><\/figure>\n<\/div>\n<\/div>\n<\/div>\n\n\n\n<div class=\"wp-block-group alignfull has-base-background-color has-background has-global-padding is-layout-constrained wp-container-core-group-is-layout-d89aad35 wp-block-group-is-layout-constrained\" style=\"margin-top:0;margin-bottom:0;padding-top:var(--wp--preset--spacing--50);padding-right:var(--wp--preset--spacing--50);padding-bottom:var(--wp--preset--spacing--50);padding-left:var(--wp--preset--spacing--50)\">\n<div class=\"wp-block-columns alignwide is-layout-flex wp-container-core-columns-is-layout-549b0c86 wp-block-columns-is-layout-flex\">\n<div class=\"wp-block-column has-global-padding is-content-justification-left is-layout-constrained wp-container-core-column-is-layout-4f15e8fe wp-block-column-is-layout-constrained\" style=\"flex-basis:40%\">\n<p><em>J\u00e4senkorjaus tasapainottaa kehon ja poistaa kivut.<\/em><\/p>\n<\/div>\n\n\n\n<div class=\"wp-block-column is-layout-flow wp-container-core-column-is-layout-119bc444 wp-block-column-is-layout-flow\" style=\"flex-basis:60%\">\n<p class=\"has-heading-font-family has-x-large-font-size\" style=\"line-height:1.2\"><strong>Tule hoitoon, jos sinulla on kipuja, kiristyst\u00e4, j\u00e4ykkyytt\u00e4, liikerajoituksia, vanhoja vammoja tai muuten kaipaat kohennusta oloosi kehossasi<\/strong>.<\/p>\n\n\n\n<div class=\"wp-block-columns is-layout-flex wp-container-core-columns-is-layout-87beb0d0 wp-block-columns-is-layout-flex\">\n<div class=\"wp-block-column is-layout-flow wp-block-column-is-layout-flow\">\n<p class=\"wp-container-content-9cfa9a5a\"><strong>Korjaan ongelmia jalkojen, lantion, sel\u00e4n, hartioiden ja k\u00e4sien alueilla.<\/strong> Kalevalainen j\u00e4senkorjaus on perinteinen suomalainen hoitomuoto, joka perustuu mobilisoiviin pehmytkudostekniikoihin. T\u00e4ss\u00e4 hoidossa ei niksautella eik\u00e4 tuoteta kipua &#8211; se on siis turvallista! Hoito on hell\u00e4varaisuudestaan huolimatta eritt\u00e4in tehokasta ja heti vaikuttavaa ja se sopii melkein kaikille (en hoida sy\u00f6p\u00e4potilaita enk\u00e4 raskaana olevia).<\/p>\n<\/div>\n\n\n\n<div class=\"wp-block-column is-layout-flow wp-block-column-is-layout-flow\">\n<p>Kalevalainen j\u00e4senkorjaus on lempe\u00e4 ja tehokas hoitomuoto kehon tasapainottamiseen ja kiputilojen korjaamiseen.&nbsp;<strong>Yksi hoitokerta kest\u00e4\u00e4 tilanteestasi riippuen 1,5-2h.<\/strong> J\u00e4senkorjaushoidolla vaikutetaan mm. lihaksiin ja kalvoihin (faskia), luiden asentoon, kudosneste- ja verenkiertoon sek\u00e4 hermostoon. Hoito on rauhallinen kokonaisvaltainen k\u00e4sittely koko keholle kantap\u00e4\u00e4st\u00e4 p\u00e4\u00e4lakeen.<\/p>\n<\/div>\n<\/div>\n<\/div>\n<\/div>\n<\/div>\n\n\n\n<div class=\"wp-block-group alignfull has-global-padding is-layout-constrained wp-container-core-group-is-layout-669513ed wp-block-group-is-layout-constrained\" style=\"margin-top:0;margin-bottom:0;padding-top:var(--wp--preset--spacing--50);padding-right:var(--wp--preset--spacing--50);padding-bottom:var(--wp--preset--spacing--50);padding-left:var(--wp--preset--spacing--50)\">\n<div class=\"wp-block-group is-vertical is-content-justification-center is-layout-flex wp-container-core-group-is-layout-ce155fab wp-block-group-is-layout-flex\">\n<h2 class=\"wp-block-heading has-text-align-center has-xx-large-font-size\">Milloin j\u00e4senkorjaushoitoon?<\/h2>\n\n\n\n<p class=\"has-text-align-center\">Voit tulla kalevalaiseen j\u00e4senkorjaushoitoon matalalla kynnyksell\u00e4!<\/p>\n<\/div>\n\n\n\n<div style=\"height:var(--wp--preset--spacing--30)\" aria-hidden=\"true\" class=\"wp-block-spacer\"><\/div>\n\n\n\n<div class=\"wp-block-columns alignwide is-layout-flex wp-container-core-columns-is-layout-4935966c wp-block-columns-is-layout-flex\" style=\"padding-right:0;padding-left:0\">\n<div class=\"wp-block-column is-layout-flow wp-block-column-is-layout-flow\">\n\n\n<div class=\"wp-block-group is-vertical is-content-justification-center is-nowrap is-layout-flex wp-container-core-group-is-layout-21d4e958 wp-block-group-is-layout-flex\">\n<p><strong>Kivut ja kolotukset<\/strong><\/p>\n\n\n\n<p> Yleens\u00e4 kivut helpottavat jo ensimm\u00e4isell\u00e4 hoitokerralla. Parannan ja hoidan muun muassa:<\/p>\n\n\n\n<p><\/p>\n\n\n\n<ul class=\"wp-block-list\">\n<li>Jalat; jalkater\u00e4, nilkka, s\u00e4\u00e4ri, polvi, reisi, lonkka jne.<\/li>\n\n\n\n<li>Selk\u00e4, alaselk\u00e4, selk\u00e4ranka<\/li>\n\n\n\n<li>Niska, hartiat ja olkap\u00e4\u00e4t<\/li>\n\n\n\n<li>K\u00e4det, sormet<\/li>\n\n\n\n<li>P\u00e4\u00e4kipu, migreeni, leukanivelet<\/li>\n<\/ul>\n<\/div>\n<\/div>\n\n\n\n<div class=\"wp-block-column is-layout-flow wp-block-column-is-layout-flow\">\n\n\n<div class=\"wp-block-group is-vertical is-content-justification-center is-nowrap is-layout-flex wp-container-core-group-is-layout-63bfd6c1 wp-block-group-is-layout-flex\">\n<p class=\"has-text-align-center has-medium-font-size\"><strong>Kehon ep\u00e4tasapaino<\/strong><\/p>\n\n\n\n<p> Useimmilla ihmisill\u00e4 on jokin kohta ep\u00e4tasapainossa, mm. jalat eri mittaiset, lantio vinossa, selk\u00e4rangassa mutka, hartioiden haasteet &#8211; autan sinua, jos on mm.:<\/p>\n\n\n\n<p><\/p>\n\n\n\n<ul class=\"wp-block-list\">\n<li>Jalkojen erimittaisuus<\/li>\n\n\n\n<li>Polvien ep\u00e4tasapaino<\/li>\n\n\n\n<li>Lantion virheasennot<\/li>\n\n\n\n<li>Sel\u00e4n ja selk\u00e4rangan virheasennot<\/li>\n\n\n\n<li>Olkap\u00e4iden haasteet<\/li>\n<\/ul>\n<\/div>\n<\/div>\n\n\n\n<div class=\"wp-block-column is-layout-flow wp-block-column-is-layout-flow\">\n\n\n<div class=\"wp-block-group is-vertical is-content-justification-center is-nowrap is-layout-flex wp-container-core-group-is-layout-63bfd6c1 wp-block-group-is-layout-flex\">\n<p class=\"has-text-align-center has-medium-font-size\"><strong>Ennaltaehk\u00e4isev\u00e4 ja yll\u00e4pit\u00e4v\u00e4 hoito<\/strong><\/p>\n\n\n\n<p>J\u00e4senkorjaushoidossa kannattaa k\u00e4yd\u00e4 tasaisin v\u00e4liajoin esim. kerran kuussa tai kahdessa. Hoitaa voi ja kannattaa, vaikkei olisi mit\u00e4\u00e4n korjattavaa:<\/p>\n\n\n\n<p><\/p>\n\n\n\n<ul class=\"wp-block-list\">\n<li>J\u00e4nnitysten ja kiristysten l\u00f6ys\u00e4\u00e4minen<\/li>\n\n\n\n<li>Faskiat, hermot<\/li>\n\n\n\n<li>Nivelten avaaminen<\/li>\n\n\n\n<li>Rentoutus<\/li>\n\n\n\n<li>Hyv\u00e4n olon yll\u00e4pito<\/li>\n<\/ul>\n<\/div>\n<\/div>\n\n\n\n<div class=\"wp-block-column is-layout-flow wp-block-column-is-layout-flow\">\n\n\n<div class=\"wp-block-group is-vertical is-content-justification-center is-nowrap is-layout-flex wp-container-core-group-is-layout-21d4e958 wp-block-group-is-layout-flex\">\n<p class=\"has-text-align-center has-medium-font-size\"><strong>Lasten ja nuorten kehon haasteet<\/strong><\/p>\n\n\n\n<p> Samalla kannattaa hoitaa koko perhe! Lapsilla ja nuorilla on melkein aina kehossa ep\u00e4tasapainoa:<\/p>\n\n\n\n<p><\/p>\n\n\n\n<ul class=\"wp-block-list\">\n<li>Jalkojen erimittaisuus<\/li>\n\n\n\n<li>Ns. kasvukivut<\/li>\n\n\n\n<li>Sel\u00e4n haasteet, &#8220;somekyhmy&#8221;<\/li>\n\n\n\n<li>Kireydet ja j\u00e4nnitykset<\/li>\n\n\n\n<li>Kivut<\/li>\n<\/ul>\n<\/div>\n<\/div>\n<\/div>\n<\/div>\n\n\n\n<div class=\"wp-block-group alignfull has-global-padding is-layout-constrained wp-container-core-group-is-layout-d89aad35 wp-block-group-is-layout-constrained\" style=\"margin-top:0;margin-bottom:0;padding-top:var(--wp--preset--spacing--50);padding-right:var(--wp--preset--spacing--50);padding-bottom:var(--wp--preset--spacing--50);padding-left:var(--wp--preset--spacing--50)\"><\/div>\n\n\n\n<div class=\"wp-block-group alignfull has-base-color has-contrast-background-color has-text-color has-background has-link-color wp-elements-2bfdbba69265f6631e5c2961bd159cd4 has-global-padding is-layout-constrained wp-container-core-group-is-layout-d89aad35 wp-block-group-is-layout-constrained\" style=\"margin-top:0;margin-bottom:0;padding-top:var(--wp--preset--spacing--50);padding-right:var(--wp--preset--spacing--50);padding-bottom:var(--wp--preset--spacing--50);padding-left:var(--wp--preset--spacing--50)\">\n<h2 class=\"wp-block-heading alignwide has-base-color has-text-color has-link-color wp-elements-54932304cfeb32bf9dfe60af88674c26\" style=\"font-size:clamp(2.156rem, 2.156rem + ((1vw - 0.2rem) * 2.907), 3.9rem);letter-spacing:-0.02em\">Asiakkaiden kokemuksia<\/h2>\n\n\n\n<div class=\"wp-block-group alignwide is-layout-flow wp-block-group-is-layout-flow\">\n<hr class=\"wp-block-separator has-text-color has-base-color has-alpha-channel-opacity has-base-background-color has-background is-style-wide\" style=\"margin-top:var(--wp--preset--spacing--30);margin-bottom:var(--wp--preset--spacing--30)\"\/>\n\n\n\n<h3 class=\"wp-block-heading alignwide has-base-2-color has-text-color has-link-color wp-elements-17910ce8f1ab5c51771c283938c68baf\">Koiraharrastaja, 54<\/h3>\n\n\n\n<p class=\"has-contrast-1-color has-text-color has-link-color wp-elements-8ad07f9fcce911424aafdf7713303356\">Ehdin jo huolestua, kun toinen k\u00e4si oli kauttaaltaan kipe\u00e4, ja fysioterapeutti ehdotti totaalista lepoa. Lis\u00e4ksi jouduin k\u00e4ytt\u00e4m\u00e4\u00e4n kahta kipul\u00e4\u00e4kett\u00e4 oireisiini. Mikon avulla k\u00e4den ongelma kuitenkin poistui jo ensimm\u00e4isell\u00e4 kerralla, ja saatoin j\u00e4tt\u00e4\u00e4 kipul\u00e4\u00e4kkeetkin pois heti seuraavan p\u00e4iv\u00e4n\u00e4. Suosittelen!<\/p>\n\n\n\n<hr class=\"wp-block-separator has-text-color has-base-color has-alpha-channel-opacity has-base-background-color has-background is-style-wide\" style=\"margin-top:var(--wp--preset--spacing--30);margin-bottom:var(--wp--preset--spacing--30)\"\/>\n\n\n\n<h3 class=\"wp-block-heading alignwide has-base-2-color has-text-color has-link-color wp-elements-7af52d1949a1a4417bb23ecd2058497e\">Virkamies, 55<\/h3>\n\n\n\n<p class=\"has-contrast-1-color has-text-color has-link-color wp-elements-e0a066da9034d36fc1f1917949075741\">Mikko on k\u00e4ynyt luonamme nyt kaksi kertaa tekem\u00e4ss\u00e4 hoidon. Hoidossa on k\u00e4yty perusteellisesti l\u00e4pi koko kroppa. Ennen ensimm\u00e4ist\u00e4 kertaa k\u00e4rsin j\u00e4\u00e4tyneen olkap\u00e4\u00e4n ongelmista ja tuloksia syntyi heti ensimm\u00e4isen hoitokerran j\u00e4lkeen &#8211; liikkuvuus palautui.<\/p>\n\n\n\n<p>My\u00f6s alasel\u00e4n kivut ovat hoidossa kummasti h\u00e4vinneet. Kyll\u00e4 on helppoa, kun Mikko tulee kotiin hoitop\u00f6yd\u00e4n kanssa. L\u00e4mmin suositus!<\/p>\n\n\n\n<hr class=\"wp-block-separator has-text-color has-base-color has-alpha-channel-opacity has-base-background-color has-background is-style-wide\" style=\"margin-top:var(--wp--preset--spacing--30);margin-bottom:var(--wp--preset--spacing--30)\"\/>\n\n\n\n<h3 class=\"wp-block-heading alignwide has-base-2-color has-text-color has-link-color wp-elements-bb72db1745bf93ac5ce28be2c8b9f3c8\">Nuorukainen, 13<\/h3>\n\n\n\n<p class=\"has-contrast-1-color has-text-color has-link-color wp-elements-a4d296deb914c07c2852e1ec771b961c\">Jalkakivut parantuivat yhdell\u00e4 hoidolla.<\/p>\n\n\n\n<hr class=\"wp-block-separator has-text-color has-base-color has-alpha-channel-opacity has-base-background-color has-background is-style-wide\" style=\"margin-top:var(--wp--preset--spacing--30);margin-bottom:var(--wp--preset--spacing--30)\"\/>\n\n\n\n<h3 class=\"wp-block-heading alignwide has-base-2-color has-text-color has-link-color wp-elements-5c03352fa5eece44c7fcb77a471d1a0f\">Myyntip\u00e4\u00e4llikk\u00f6, 42<\/h3>\n\n\n\n<p class=\"has-contrast-1-color has-text-color has-link-color wp-elements-d6deff1256fb94ebd42e47abe3d3eb46\">Olo on tosi vetre\u00e4. Kipu poskista on poistunut. Mit\u00e4\u00e4n j\u00e4ykkyytt\u00e4 ei t\u00e4n\u00e4 aamuna jalkapohjissa ollut! Aivan huikeaa! T\u00e4\u00e4 on kyll\u00e4 yksi ihmetyksen aihe, miten niin valtavan sike\u00e4sti nukun aina t\u00e4m\u00e4n hoidon j\u00e4lkeen, kuin tainnutettu.<\/p>\n\n\n\n<hr class=\"wp-block-separator has-text-color has-base-color has-alpha-channel-opacity has-base-background-color has-background is-style-wide\" style=\"margin-top:var(--wp--preset--spacing--30);margin-bottom:var(--wp--preset--spacing--30)\"\/>\n\n\n\n<h3 class=\"wp-block-heading alignwide has-base-2-color has-text-color has-link-color wp-elements-bb51553d2e1325001e714a9bba75f988\">Graafikko ja puutarhaharrastaja, 51<\/h3>\n\n\n\n<p class=\"has-contrast-1-color has-text-color has-link-color wp-elements-bd402c93d24fc05526b1949fa5cac8c6\">K\u00e4yn j\u00e4senkorjaajalla noin kahden kuukauden v\u00e4lein &#8211; se auttaa pit\u00e4m\u00e4\u00e4n kehoni kunnossa. My\u00f6s py\u00f6r\u00e4ilyonnettomuudessa kipeytynyt olkap\u00e4\u00e4ni on kuntoutunut v\u00e4hitellen.<\/p>\n\n\n\n<div style=\"margin-top:var(--wp--preset--spacing--10);margin-bottom:0;height:var(--wp--preset--spacing--10)\" aria-hidden=\"true\" class=\"wp-block-spacer\"><\/div>\n<\/div>\n<\/div>\n\n\n\n<div class=\"wp-block-group alignfull has-global-padding is-layout-constrained wp-container-core-group-is-layout-d89aad35 wp-block-group-is-layout-constrained\" style=\"margin-top:0;margin-bottom:0;padding-top:var(--wp--preset--spacing--50);padding-right:var(--wp--preset--spacing--50);padding-bottom:var(--wp--preset--spacing--50);padding-left:var(--wp--preset--spacing--50)\">\n<div class=\"wp-block-columns alignwide are-vertically-aligned-center is-layout-flex wp-container-core-columns-is-layout-47c06fe3 wp-block-columns-is-layout-flex\">\n<div class=\"wp-block-column is-vertically-aligned-center is-layout-flow wp-block-column-is-layout-flow\" style=\"flex-basis:50%\">\n<h2 class=\"wp-block-heading\">Yhteystiedot ja hinnat<\/h2>\n\n\n\n<p>J\u00e4sentohtori Mikko<\/p>\n\n\n\n<p>+358 400 297 820<\/p>\n\n\n\n<p>Calle Baja, Los Pacos, Fuengirola<\/p>\n\n\n\n<ul style=\"line-height:1.75\" class=\"wp-block-list is-style-checkmark-list\">\n<li>Hinta tilanteesi ja saamasi avun mukaan, 0 &#8211; 100\u20ac, moni haluaa maksaa tyypillisesti 40-60\u20ac, lapset ja nuoret liki ilmaiseksi! <\/li>\n\n\n\n<li><strong>Maksat vain, jos olit tyytyv\u00e4inen ja sait apua!<\/strong><\/li>\n\n\n\n<li>Hoito kest\u00e4\u00e4 noin 1,5-2h, lapsilla 1h<\/li>\n<\/ul>\n<\/div>\n\n\n\n<div class=\"wp-block-column is-vertically-aligned-center is-layout-flow wp-block-column-is-layout-flow\" style=\"flex-basis:50%\">\n<figure class=\"wp-block-image size-full\"><img loading=\"lazy\" decoding=\"async\" width=\"765\" height=\"624\" src=\"https:\/\/jasentohtori.fi\/wp-content\/uploads\/2025\/08\/image.png\" alt=\"\" class=\"wp-image-38\" srcset=\"https:\/\/jasentohtori.fi\/wp-content\/uploads\/2025\/08\/image.png 765w, https:\/\/jasentohtori.fi\/wp-content\/uploads\/2025\/08\/image-300x245.png 300w\" sizes=\"auto, (max-width: 765px) 100vw, 765px\" \/><\/figure>\n<\/div>\n<\/div>\n<\/div>\n\n\n\n<div class=\"wp-block-group alignfull has-base-2-background-color has-background has-global-padding is-layout-constrained wp-container-core-group-is-layout-669513ed wp-block-group-is-layout-constrained\" style=\"margin-top:0;margin-bottom:0;padding-top:var(--wp--preset--spacing--50);padding-right:var(--wp--preset--spacing--50);padding-bottom:var(--wp--preset--spacing--50);padding-left:var(--wp--preset--spacing--50)\">\n<div class=\"wp-block-group is-vertical is-content-justification-center is-layout-flex wp-container-core-group-is-layout-52b864f0 wp-block-group-is-layout-flex\">\n<h2 class=\"wp-block-heading has-text-align-center is-style-asterisk\">Muun muassa n\u00e4ihin saat apua:<\/h2>\n\n\n\n<div style=\"height:0px\" aria-hidden=\"true\" class=\"wp-block-spacer wp-container-content-4f2ccadb\"><\/div>\n\n\n\n<p class=\"has-text-align-center\"><\/p>\n<\/div>\n\n\n\n<div style=\"margin-top:0;margin-bottom:0;height:var(--wp--preset--spacing--40)\" aria-hidden=\"true\" class=\"wp-block-spacer\"><\/div>\n\n\n\n<p><strong>P\u00e4\u00e4, niska ja hartiat<\/strong><\/p>\n\n\n\n<ul class=\"wp-block-list\">\n<li>P\u00e4\u00e4ns\u00e4rky, j\u00e4nnitysp\u00e4\u00e4ns\u00e4rky \u2013 <strong>kefalalgia<\/strong><\/li>\n\n\n\n<li>Migreeni<\/li>\n\n\n\n<li>Niskaj\u00e4ykkyys, niskakipu \u2013 <strong>servikaalinen dystonia<\/strong><\/li>\n\n\n\n<li>Kierokaula, noidannuoli niskassa \u2013 <strong>torticollis&nbsp;<\/strong><\/li>\n\n\n\n<li>Yl\u00e4selk\u00e4kipu<\/li>\n\n\n\n<li>Ahdas olkap\u00e4\u00e4 &#8211; <strong>impingement-syndrooma<\/strong><\/li>\n\n\n\n<li>J\u00e4\u00e4tynyt olkap\u00e4\u00e4 \u2013 <strong>adhesiivinen kapsuliitti<\/strong><\/li>\n\n\n\n<li>Limapussin tulehdus \u2013 <strong>bursiitti<\/strong><\/li>\n\n\n\n<li>Purentaelimist\u00f6n kipu ja toimintah\u00e4iri\u00f6t \u2013 <strong>TMD<\/strong><\/li>\n<\/ul>\n\n\n\n<p><strong>K\u00e4det ja yl\u00e4raajat<\/strong><\/p>\n\n\n\n<ul class=\"wp-block-list\">\n<li>Tenniskyyn\u00e4rp\u00e4\u00e4 \u2013 <strong>lateraalinen epikondyliitti<\/strong><\/li>\n\n\n\n<li>Golfkyyn\u00e4rp\u00e4\u00e4 \u2013 <strong>mediaalinen epikondyliitti<\/strong><\/li>\n\n\n\n<li>Rannekanavaoireyhtym\u00e4 \u2013 <strong>karpaalitunnelisyndrooma<\/strong><\/li>\n\n\n\n<li>J\u00e4nnetuppitulehdus \u2013 <strong>tenosynoviitti<\/strong><\/li>\n\n\n\n<li>\u00c4\u00e4reishermon pinne \u2013 <strong>pinneneuropatia<\/strong> &nbsp;&nbsp;<\/li>\n<\/ul>\n\n\n\n<p><strong>Selk\u00e4 ja keskivartalo<\/strong><\/p>\n\n\n\n<ul class=\"wp-block-list\">\n<li>Noidannuoli\u2013 <strong>lumbago<\/strong><\/li>\n\n\n\n<li>Alaselk\u00e4kipu \u2013 <strong>lumbalgia<\/strong><\/li>\n\n\n\n<li>Iskias, v\u00e4lilevytyr\u00e4, v\u00e4lilevyn pullistuma<\/li>\n\n\n\n<li>Kieroselk\u00e4isyys \u2013 <strong>skolioosi<\/strong><\/li>\n\n\n\n<li>Rintarangan j\u00e4ykkyys<\/li>\n<\/ul>\n\n\n\n<p><strong>Lantio ja lonkat<\/strong><\/p>\n\n\n\n<ul class=\"wp-block-list\">\n<li>Lantion \/ SI-nivelen toimintah\u00e4iri\u00f6<\/li>\n\n\n\n<li>Lantionpohjan toimintah\u00e4iri\u00f6t<\/li>\n\n\n\n<li>Lonkan kipu \u2013 <strong>coxalgia<\/strong><\/li>\n\n\n\n<li>Ison sarvennoisen kipu ja lonkan limapussitulehdus \u2013 <strong>trokanterbursiitti<\/strong><\/li>\n<\/ul>\n\n\n\n<p><strong>Polvet<\/strong><\/p>\n\n\n\n<ul class=\"wp-block-list\">\n<li>Polvikipu \u2013 <strong>gonalgia<\/strong><\/li>\n\n\n\n<li>Nivelrikko \u2013 <strong>gonartroosi<\/strong><\/li>\n\n\n\n<li>Juoksijan polvi &#8211; <strong>ITBS oireyhtym\u00e4<\/strong><\/li>\n\n\n\n<li>Hypp\u00e4\u00e4j\u00e4n polvi \u2013 <strong>patellaj\u00e4nteen tulehdus<\/strong><\/li>\n\n\n\n<li>Polven kipu ja liikerajoitukset \u2013 <strong>patellofemoraalinen kipuoireyhtym\u00e4 (PFSS)<\/strong><\/li>\n<\/ul>\n\n\n\n<p><strong>Nilkat ja jalat<\/strong><\/p>\n\n\n\n<ul class=\"wp-block-list\">\n<li>Nilkan nyrj\u00e4hdys \u2013 <strong>nilkan&nbsp;ligamenttivamma<\/strong><\/li>\n\n\n\n<li>Akillesj\u00e4nteen kipu \u2013 <strong>akillesj\u00e4nteen tendinopatia<\/strong><\/li>\n\n\n\n<li>Kantap\u00e4\u00e4kipu, jalkapohjan kipu \u2013 <strong>plantaarifaskiitti<\/strong><\/li>\n\n\n\n<li>Penikkatauti \u2013 <strong>mediaalinen tibiaalinen stressioireyhtym\u00e4&nbsp;(MTSS)<\/strong><\/li>\n\n\n\n<li>Jalkater\u00e4n virheasennot, vaivaisenluu \u2013 <strong>hallux valgus<\/strong><\/li>\n<\/ul>\n\n\n\n<p><strong>Yleinen kehon hyvinvointi<\/strong><\/p>\n\n\n\n<ul class=\"wp-block-list\">\n<li>Lihasj\u00e4nnitys, lihaskipu, lihass\u00e4rky \u2013 <strong>myalgia<\/strong><\/li>\n\n\n\n<li>Kehon puolierot ja ryhtiongelmat \u2013 <strong>posturaalinen ep\u00e4tasapaino<\/strong><\/li>\n\n\n\n<li>J\u00e4nteiden kiputilat, rasitusvammat \u2013 <strong>tendinopatia<\/strong><\/li>\n<\/ul>\n<\/div>\n","protected":false},"excerpt":{"rendered":"<p>Kalevalaista j\u00e4senkorjausta Fuengirolassa Olen Mikko, `J\u00e4sentohtori\u00b4, ja teen kalevalaista j\u00e4senkorjausta Fuengirolassa Los Pacosin ja Los Bolichesin alueella. Parannan vaivasi ja tuen kehosi hyvinvointia. Tulen mielell\u00e4ni kotiisi hoitok\u00e4ynnille. Minulla on j\u00e4senkorjauksen jatko-opinnot k\u00e4ynniss\u00e4 ja tarjoan palveluitani edullisesti. 100% kaikki asiakkaani ovat saaneet jotakin apua kehon hyvinvointiin, joten voit luottaa palveluuni! Soita, tekstaa tai laita Whatsapp-viesti, niin [&hellip;]<\/p>\n","protected":false},"author":1,"featured_media":0,"parent":0,"menu_order":0,"comment_status":"closed","ping_status":"closed","template":"","meta":{"footnotes":""},"class_list":["post-9","page","type-page","status-publish","hentry"],"_links":{"self":[{"href":"https:\/\/jasentohtori.fi\/index.php?rest_route=\/wp\/v2\/pages\/9","targetHints":{"allow":["GET"]}}],"collection":[{"href":"https:\/\/jasentohtori.fi\/index.php?rest_route=\/wp\/v2\/pages"}],"about":[{"href":"https:\/\/jasentohtori.fi\/index.php?rest_route=\/wp\/v2\/types\/page"}],"author":[{"embeddable":true,"href":"https:\/\/jasentohtori.fi\/index.php?rest_route=\/wp\/v2\/users\/1"}],"replies":[{"embeddable":true,"href":"https:\/\/jasentohtori.fi\/index.php?rest_route=%2Fwp%2Fv2%2Fcomments&post=9"}],"version-history":[{"count":38,"href":"https:\/\/jasentohtori.fi\/index.php?rest_route=\/wp\/v2\/pages\/9\/revisions"}],"predecessor-version":[{"id":92,"href":"https:\/\/jasentohtori.fi\/index.php?rest_route=\/wp\/v2\/pages\/9\/revisions\/92"}],"wp:attachment":[{"href":"https:\/\/jasentohtori.fi\/index.php?rest_route=%2Fwp%2Fv2%2Fmedia&parent=9"}],"curies":[{"name":"wp","href":"https:\/\/api.w.org\/{rel}","templated":true}]}}